{"id":6967,"date":"2022-02-17T07:50:29","date_gmt":"2022-02-17T05:50:29","guid":{"rendered":"https:\/\/www.hyraxindustries.com\/finanzierungsleasing\/"},"modified":"2025-12-09T16:22:37","modified_gmt":"2025-12-09T14:22:37","slug":"finanzierungsleasing","status":"publish","type":"page","link":"https:\/\/www.hyraxindustries.com\/de\/finanzierungsleasing\/","title":{"rendered":"Finanzierungsleasing"},"content":{"rendered":"<p>[et_pb_section fb_built=&#8220;1&#8243; custom_padding_last_edited=&#8220;on|tablet&#8220; _builder_version=&#8220;4.19.1&#8243; _module_preset=&#8220;default&#8220; background_color=&#8220;#1A2B3C&#8220; background_enable_image=&#8220;off&#8220; background_size=&#8220;initial&#8220; background_position=&#8220;bottom_right&#8220; width=&#8220;100%&#8220; width_tablet=&#8220;80%&#8220; width_phone=&#8220;80%&#8220; width_last_edited=&#8220;off|desktop&#8220; max_width=&#8220;100%&#8220; max_width_tablet=&#8220;80%&#8220; max_width_phone=&#8220;80%&#8220; max_width_last_edited=&#8220;off|desktop&#8220; module_alignment=&#8220;center&#8220; custom_margin=&#8220;0px||0px||true|false&#8220; custom_padding=&#8220;140px||140px||true|false&#8220; custom_padding_tablet=&#8220;40px||||false|false&#8220; custom_padding_phone=&#8220;20px||||false|false&#8220; da_disable_devices=&#8220;off|off|off&#8220; global_colors_info=&#8220;{}&#8220; da_is_popup=&#8220;off&#8220; da_exit_intent=&#8220;off&#8220; da_has_close=&#8220;on&#8220; da_alt_close=&#8220;off&#8220; da_dark_close=&#8220;off&#8220; da_not_modal=&#8220;on&#8220; da_is_singular=&#8220;off&#8220; da_with_loader=&#8220;off&#8220; da_has_shadow=&#8220;on&#8220;][et_pb_row _builder_version=&#8220;4.16&#8243; _module_preset=&#8220;_initial&#8220; custom_padding=&#8220;0px||100px|||&#8220; global_colors_info=&#8220;{}&#8220;][et_pb_column type=&#8220;4_4&#8243; _builder_version=&#8220;4.16&#8243; _module_preset=&#8220;default&#8220; pac_dcm_carousel_specific_module_num=&#8220;0&#8243; global_colors_info=&#8220;{}&#8220;][et_pb_text link_text_color__hover=&#8220;#ffffff50&#8243; link_text_color__hover_enabled=&#8220;on|desktop&#8220; header_2_font_size_tablet=&#8220;&#8220; header_2_font_size_phone=&#8220;&#8220; header_2_font_size_last_edited=&#8220;on|phone&#8220; header_line_height_last_edited=&#8220;off|desktop&#8220; _builder_version=&#8220;4.27.4&#8243; _module_preset=&#8220;_initial&#8220; hover_enabled=&#8220;0&#8243; global_colors_info=&#8220;{}&#8220; sticky_enabled=&#8220;0&#8243;]<\/p>\n<h3>Financial lease<\/h3>\n<h1>Sofort einsatzbereit.<\/h1>\n<p>HYRAX bietet gemeinsam mit seinen Partnern die M\u00f6glichkeit, eine HYRAX-Hubarbeitsb\u00fchne zu leasen. Das bedeutet, dass Sie die HYRAX sofort nutzen k\u00f6nnen. Der Betrag wird in Raten \u00fcber eine im Voraus gew\u00e4hlte Laufzeit bezahlt. So verteilen Sie die Kosten und k\u00f6nnen mit Ihrer HYRAX sofort Geld verdienen. Hier drei Vorteile des direkten Leasings:<\/p>\n<p>[\/et_pb_text][\/et_pb_column][\/et_pb_row][et_pb_row width=&#8220;1600px&#8220; column_structure=&#8220;3_5,2_5&#8243; make_equal=&#8220;on&#8220; _builder_version=&#8220;4.16&#8243; _module_preset=&#8220;_initial&#8220; background_color=&#8220;#1A2B3C&#8220; custom_margin=&#8220;||30px||false|false&#8220; custom_padding=&#8220;0px||0px||true|false&#8220; box_shadow_style=&#8220;preset1&#8243; locked=&#8220;off&#8220; global_colors_info=&#8220;{}&#8220;][et_pb_column type=&#8220;3_5&#8243; _builder_version=&#8220;4.16&#8243; _module_preset=&#8220;default&#8220; pac_dcm_carousel_specific_module_num=&#8220;0&#8243; global_colors_info=&#8220;{}&#8220;][et_pb_image src=&#8220;https:\/\/www.hyraxindustries.com\/app\/uploads\/2023\/04\/hyrax-50.13-hoogwerker-leasen.png&#8220; title_text=&#8220;hyrax-50.13-hoogwerker-leasen&#8220; _builder_version=&#8220;4.19.1&#8243; _module_preset=&#8220;default&#8220; global_colors_info=&#8220;{}&#8220;][\/et_pb_image][\/et_pb_column][et_pb_column type=&#8220;2_5&#8243; _builder_version=&#8220;4.16&#8243; _module_preset=&#8220;default&#8220; pac_dcm_carousel_specific_module_num=&#8220;0&#8243; global_colors_info=&#8220;{}&#8220;][et_pb_blurb title=&#8220;Keine Investition&#8220; _builder_version=&#8220;4.27.4&#8243; _module_preset=&#8220;default&#8220; header_font=&#8220;|700|||||||&#8220; header_text_color=&#8220;#FFFFFF&#8220; header_font_size=&#8220;32px&#8220; header_line_height=&#8220;1.4em&#8220; body_text_color=&#8220;#8d959e&#8220; body_font_size=&#8220;20px&#8220; body_line_height=&#8220;1.4em&#8220; custom_padding=&#8220;|20%|||false|false&#8220; custom_padding_tablet=&#8220;40px|30px|40px|30px|true|true&#8220; custom_padding_phone=&#8220;&#8220; custom_padding_last_edited=&#8220;on|phone&#8220; hover_enabled=&#8220;0&#8243; header_font_size_tablet=&#8220;&#8220; header_font_size_phone=&#8220;24px&#8220; header_font_size_last_edited=&#8220;on|tablet&#8220; global_colors_info=&#8220;{}&#8220; sticky_enabled=&#8220;0&#8243;]<\/p>\n<p class=\"p1\">Lassen Sie die HYRAX sofort f\u00fcr Sie arbeiten und sich selbst amortisieren.<\/p>\n<p>[\/et_pb_blurb][\/et_pb_column][\/et_pb_row][et_pb_row width=&#8220;1600px&#8220; column_structure=&#8220;3_5,2_5&#8243; make_equal=&#8220;on&#8220; _builder_version=&#8220;4.16&#8243; _module_preset=&#8220;_initial&#8220; background_color=&#8220;#1A2B3C&#8220; custom_margin=&#8220;||30px||false|false&#8220; custom_padding=&#8220;0px||0px||true|false&#8220; box_shadow_style=&#8220;preset1&#8243; locked=&#8220;off&#8220; global_colors_info=&#8220;{}&#8220;][et_pb_column type=&#8220;3_5&#8243; _builder_version=&#8220;4.16&#8243; _module_preset=&#8220;default&#8220; pac_dcm_carousel_specific_module_num=&#8220;0&#8243; global_colors_info=&#8220;{}&#8220;][et_pb_image src=&#8220;https:\/\/www.hyraxindustries.com\/app\/uploads\/2023\/04\/hyrax-50.13-hoogwerker-leasen-02.png&#8220; title_text=&#8220;hyrax-50.13-hoogwerker-leasen-02&#8243; _builder_version=&#8220;4.19.1&#8243; _module_preset=&#8220;default&#8220; global_colors_info=&#8220;{}&#8220;][\/et_pb_image][\/et_pb_column][et_pb_column type=&#8220;2_5&#8243; _builder_version=&#8220;4.16&#8243; _module_preset=&#8220;default&#8220; pac_dcm_carousel_specific_module_num=&#8220;0&#8243; global_colors_info=&#8220;{}&#8220;][et_pb_blurb title=&#8220;G\u00fcnstiger als Mieten&#8220; _builder_version=&#8220;4.27.4&#8243; _module_preset=&#8220;default&#8220; header_font=&#8220;|700|||||||&#8220; header_text_color=&#8220;#FFFFFF&#8220; header_font_size=&#8220;32px&#8220; header_line_height=&#8220;1.4em&#8220; body_text_color=&#8220;#8d959e&#8220; body_font_size=&#8220;20px&#8220; body_line_height=&#8220;1.4em&#8220; custom_padding=&#8220;|20%|||false|false&#8220; custom_padding_tablet=&#8220;40px|30px|40px|30px|true|true&#8220; custom_padding_phone=&#8220;&#8220; custom_padding_last_edited=&#8220;on|phone&#8220; hover_enabled=&#8220;0&#8243; header_font_size_tablet=&#8220;&#8220; header_font_size_phone=&#8220;24px&#8220; header_font_size_last_edited=&#8220;on|tablet&#8220; global_colors_info=&#8220;{}&#8220; sticky_enabled=&#8220;0&#8243;]<\/p>\n<p class=\"p1\">Wenn Sie die Arbeitsb\u00fchne \u00fcber einen l\u00e4ngeren Zeitraum brauchen, kann Leasing g\u00fcnstiger sein als Mieten.<\/p>\n<p>[\/et_pb_blurb][\/et_pb_column][\/et_pb_row][et_pb_row width=&#8220;1600px&#8220; column_structure=&#8220;3_5,2_5&#8243; make_equal=&#8220;on&#8220; _builder_version=&#8220;4.16&#8243; _module_preset=&#8220;_initial&#8220; background_color=&#8220;#1A2B3C&#8220; custom_margin=&#8220;||30px||false|false&#8220; custom_padding=&#8220;0px||0px||true|false&#8220; box_shadow_style=&#8220;preset1&#8243; locked=&#8220;off&#8220; global_colors_info=&#8220;{}&#8220;][et_pb_column type=&#8220;3_5&#8243; _builder_version=&#8220;4.16&#8243; _module_preset=&#8220;default&#8220; pac_dcm_carousel_specific_module_num=&#8220;0&#8243; global_colors_info=&#8220;{}&#8220;][et_pb_image src=&#8220;https:\/\/www.hyraxindustries.com\/app\/uploads\/2023\/04\/hyrax-50.13-hoogwerker-leasen-03.png&#8220; title_text=&#8220;hyrax-50.13-hoogwerker-leasen 03&#8243; _builder_version=&#8220;4.19.1&#8243; _module_preset=&#8220;default&#8220; global_colors_info=&#8220;{}&#8220;][\/et_pb_image][\/et_pb_column][et_pb_column type=&#8220;2_5&#8243; _builder_version=&#8220;4.16&#8243; _module_preset=&#8220;default&#8220; pac_dcm_carousel_specific_module_num=&#8220;0&#8243; global_colors_info=&#8220;{}&#8220;][et_pb_blurb title=&#8220;Steuerlicher Vorteil&#8220; _builder_version=&#8220;4.27.4&#8243; _module_preset=&#8220;default&#8220; header_font=&#8220;|700|||||||&#8220; header_text_color=&#8220;#FFFFFF&#8220; header_font_size=&#8220;32px&#8220; header_line_height=&#8220;1.4em&#8220; body_text_color=&#8220;#8d959e&#8220; body_font_size=&#8220;20px&#8220; body_line_height=&#8220;1.4em&#8220; custom_padding=&#8220;|20%|||false|false&#8220; custom_padding_tablet=&#8220;40px|30px|40px|30px|true|true&#8220; custom_padding_phone=&#8220;&#8220; custom_padding_last_edited=&#8220;on|phone&#8220; hover_enabled=&#8220;0&#8243; header_font_size_tablet=&#8220;&#8220; header_font_size_phone=&#8220;24px&#8220; header_font_size_last_edited=&#8220;on|tablet&#8220; global_colors_info=&#8220;{}&#8220; sticky_enabled=&#8220;0&#8243;]<\/p>\n<p class=\"p1\">Die Leasingraten k\u00f6nnen als Betriebsausgaben abgesetzt werden. Auch k\u00f6nnten spezielle Steuerregelungen f\u00fcr Leasingvertr\u00e4ge gelten.<\/p>\n<p>[\/et_pb_blurb][\/et_pb_column][\/et_pb_row][\/et_pb_section][et_pb_section fb_built=&#8220;1&#8243; _builder_version=&#8220;4.16&#8243; background_color=&#8220;#162431&#8243; background_enable_image=&#8220;off&#8220; background_size=&#8220;initial&#8220; background_position=&#8220;bottom_right&#8220; width=&#8220;100%&#8220; width_tablet=&#8220;80%&#8220; width_phone=&#8220;80%&#8220; width_last_edited=&#8220;off|desktop&#8220; max_width=&#8220;100%&#8220; max_width_tablet=&#8220;80%&#8220; max_width_phone=&#8220;80%&#8220; max_width_last_edited=&#8220;off|desktop&#8220; module_alignment=&#8220;center&#8220; custom_margin=&#8220;0px||0px||true|false&#8220; custom_padding=&#8220;140px||140px||true|false&#8220; global_colors_info=&#8220;{}&#8220; da_is_popup=&#8220;off&#8220; da_exit_intent=&#8220;off&#8220; da_has_close=&#8220;on&#8220; da_alt_close=&#8220;off&#8220; da_dark_close=&#8220;off&#8220; da_not_modal=&#8220;on&#8220; da_is_singular=&#8220;off&#8220; da_with_loader=&#8220;off&#8220; da_has_shadow=&#8220;on&#8220; da_disable_devices=&#8220;off|off|off&#8220;][et_pb_row use_custom_gutter=&#8220;on&#8220; gutter_width=&#8220;4&#8243; make_equal=&#8220;on&#8220; _builder_version=&#8220;4.16&#8243; width_last_edited=&#8220;off|desktop&#8220; max_width_last_edited=&#8220;off|desktop&#8220; custom_margin=&#8220;||||false|false&#8220; custom_padding=&#8220;||||false|false&#8220; border_color_top=&#8220;rgba(255,255,255,0.2)&#8220; locked=&#8220;off&#8220; global_colors_info=&#8220;{}&#8220;][et_pb_column type=&#8220;4_4&#8243; _builder_version=&#8220;4.16&#8243; background_color=&#8220;rgba(0,0,0,0)&#8220; custom_padding=&#8220;||||false|false&#8220; pac_dcm_carousel_specific_module_num=&#8220;0&#8243; global_colors_info=&#8220;{}&#8220;][et_pb_text _builder_version=&#8220;4.16&#8243; header_line_height_last_edited=&#8220;off|desktop&#8220; header_2_font_size_tablet=&#8220;&#8220; header_2_font_size_phone=&#8220;&#8220; header_2_font_size_last_edited=&#8220;on|phone&#8220; global_colors_info=&#8220;{}&#8220;]<\/p>\n<h3>Kontakt Formular<\/h3>\n<h1>Ma\u00dfgeschneiderter Mietvertrag?<\/h1>\n<p>[\/et_pb_text][et_pb_dcgd_gravity_divi_module gf_form=&#8220;23&#8243; show_title=&#8220;off&#8220; show_description=&#8220;off&#8220; _builder_version=&#8220;4.16.0&#8243; dcgm_form_field_bg_background_color=&#8220;#ffffff&#8220; fontstitle_text_align=&#8220;center&#8220; fontstitle_text_color=&#8220;#ffffff&#8220; fontsformdesc_font=&#8220;Rajdhani||||||||&#8220; fontsformdesc_text_align=&#8220;center&#8220; fontsformdesc_text_color=&#8220;#ffffff&#8220; fontsformdesc_font_size=&#8220;1em&#8220; fontsformbody_font=&#8220;Rajdhani|500|on||||||&#8220; fontsformbody_text_align=&#8220;center&#8220; fontsformbody_text_color=&#8220;#ffffff&#8220; fontsformbody_font_size=&#8220;1em&#8220; fontsformelements_font=&#8220;Rajdhani|600|||||||&#8220; fontsformelements_text_color=&#8220;#1a2b3c&#8220; fontsformelements_font_size=&#8220;1em&#8220; custom_dcgm_button=&#8220;on&#8220; dcgm_button_text_color=&#8220;#ffffff&#8220; dcgm_button_bg_color=&#8220;#d8221e&#8220; dcgm_button_border_color=&#8220;#d8221e&#8220; dcgm_button_border_radius=&#8220;0px&#8220; dcgm_button_font=&#8220;Rajdhani||||||||&#8220; dcgm_button_alignment=&#8220;center&#8220; module_alignment=&#8220;left&#8220; border_color_all=&#8220;rgba(0,0,0,0)&#8220; saved_tabs=&#8220;all&#8220; locked=&#8220;off&#8220; global_colors_info=&#8220;{}&#8220;][\/et_pb_dcgd_gravity_divi_module][\/et_pb_column][\/et_pb_row][\/et_pb_section][et_pb_section fb_built=&#8220;1&#8243; fullwidth=&#8220;on&#8220; _builder_version=&#8220;4.16&#8243; _module_preset=&#8220;default&#8220; background_image=&#8220;https:\/\/www.hyraxindustries.com\/app\/uploads\/2021\/03\/HYRAX-Pushing-the-limit-h03.png&#8220; height_tablet=&#8220;&#8220; height_phone=&#8220;&#8220; height_last_edited=&#8220;on|tablet&#8220; global_colors_info=&#8220;{}&#8220; da_is_popup=&#8220;off&#8220; da_exit_intent=&#8220;off&#8220; da_has_close=&#8220;on&#8220; da_alt_close=&#8220;off&#8220; da_dark_close=&#8220;off&#8220; da_not_modal=&#8220;on&#8220; da_is_singular=&#8220;off&#8220; da_with_loader=&#8220;off&#8220; da_has_shadow=&#8220;on&#8220; da_disable_devices=&#8220;off|off|off&#8220;][\/et_pb_section]<\/p>\n","protected":false},"excerpt":{"rendered":"<p>Financial lease Sofort einsatzbereit. HYRAX bietet gemeinsam mit seinen Partnern die M\u00f6glichkeit, eine HYRAX-Hubarbeitsb\u00fchne zu leasen. Das bedeutet, dass Sie die HYRAX sofort nutzen k\u00f6nnen. Der Betrag wird in Raten \u00fcber eine im Voraus gew\u00e4hlte Laufzeit bezahlt. So verteilen Sie die Kosten und k\u00f6nnen mit Ihrer HYRAX sofort Geld verdienen. Hier drei Vorteile des direkten [&hellip;]<\/p>\n","protected":false},"author":1,"featured_media":0,"parent":0,"menu_order":0,"comment_status":"closed","ping_status":"closed","template":"","meta":{"_acf_changed":false,"_et_pb_use_builder":"on","_et_pb_old_content":"","_et_gb_content_width":"","inline_featured_image":false,"footnotes":""},"class_list":["post-6967","page","type-page","status-publish","hentry"],"acf":[],"yoast_head":"<!-- This site is optimized with the Yoast SEO plugin v27.0 - https:\/\/yoast.com\/product\/yoast-seo-wordpress\/ -->\n<title>Hubarbeitsb\u00fchne mieten - HYRAX Hubarbeitsb\u00fchne<\/title>\n<meta name=\"description\" content=\"Sie m\u00f6chten eine Hubarbeitsb\u00fchne leasen? Bei HYRAX ist das m\u00f6glich. Sie bezahlen den Betrag in Raten verteilt \u00fcber einen vorgew\u00e4hlten Zeitraum.\" \/>\n<meta name=\"robots\" content=\"index, follow, max-snippet:-1, max-image-preview:large, max-video-preview:-1\" \/>\n<link rel=\"canonical\" href=\"https:\/\/www.hyraxindustries.com\/de\/finanzierungsleasing\/\" \/>\n<meta property=\"og:locale\" content=\"de_DE\" \/>\n<meta property=\"og:type\" content=\"article\" \/>\n<meta property=\"og:title\" content=\"Hubarbeitsb\u00fchne mieten - HYRAX Hubarbeitsb\u00fchne\" \/>\n<meta property=\"og:description\" content=\"Sie m\u00f6chten eine Hubarbeitsb\u00fchne leasen? Bei HYRAX ist das m\u00f6glich. Sie bezahlen den Betrag in Raten verteilt \u00fcber einen vorgew\u00e4hlten Zeitraum.\" \/>\n<meta property=\"og:url\" content=\"https:\/\/www.hyraxindustries.com\/de\/finanzierungsleasing\/\" \/>\n<meta property=\"og:site_name\" content=\"HYRAX Hoogwerkers\" \/>\n<meta property=\"article:publisher\" content=\"https:\/\/www.facebook.com\/Hyrax-Industries-BV-2329772260421103\" \/>\n<meta property=\"article:modified_time\" content=\"2025-12-09T14:22:37+00:00\" \/>\n<meta name=\"twitter:card\" content=\"summary_large_image\" \/>\n<meta name=\"twitter:label1\" content=\"Gesch\u00e4tzte Lesezeit\" \/>\n\t<meta name=\"twitter:data1\" content=\"7\u00a0Minuten\" \/>\n<script type=\"application\/ld+json\" class=\"yoast-schema-graph\">{\"@context\":\"https:\/\/schema.org\",\"@graph\":[{\"@type\":\"WebPage\",\"@id\":\"https:\/\/www.hyraxindustries.com\/de\/finanzierungsleasing\/\",\"url\":\"https:\/\/www.hyraxindustries.com\/de\/finanzierungsleasing\/\",\"name\":\"Hubarbeitsb\u00fchne mieten - HYRAX Hubarbeitsb\u00fchne\",\"isPartOf\":{\"@id\":\"https:\/\/www.hyraxindustries.com\/de\/#website\"},\"datePublished\":\"2022-02-17T05:50:29+00:00\",\"dateModified\":\"2025-12-09T14:22:37+00:00\",\"description\":\"Sie m\u00f6chten eine Hubarbeitsb\u00fchne leasen? Bei HYRAX ist das m\u00f6glich. Sie bezahlen den Betrag in Raten verteilt \u00fcber einen vorgew\u00e4hlten Zeitraum.\",\"breadcrumb\":{\"@id\":\"https:\/\/www.hyraxindustries.com\/de\/finanzierungsleasing\/#breadcrumb\"},\"inLanguage\":\"de\",\"potentialAction\":[{\"@type\":\"ReadAction\",\"target\":[\"https:\/\/www.hyraxindustries.com\/de\/finanzierungsleasing\/\"]}]},{\"@type\":\"BreadcrumbList\",\"@id\":\"https:\/\/www.hyraxindustries.com\/de\/finanzierungsleasing\/#breadcrumb\",\"itemListElement\":[{\"@type\":\"ListItem\",\"position\":1,\"name\":\"Home\",\"item\":\"https:\/\/www.hyraxindustries.com\/de\/\"},{\"@type\":\"ListItem\",\"position\":2,\"name\":\"Finanzierungsleasing\"}]},{\"@type\":\"WebSite\",\"@id\":\"https:\/\/www.hyraxindustries.com\/de\/#website\",\"url\":\"https:\/\/www.hyraxindustries.com\/de\/\",\"name\":\"Hyrax Industries\",\"description\":\"Pushing the limit\",\"publisher\":{\"@id\":\"https:\/\/www.hyraxindustries.com\/de\/#organization\"},\"potentialAction\":[{\"@type\":\"SearchAction\",\"target\":{\"@type\":\"EntryPoint\",\"urlTemplate\":\"https:\/\/www.hyraxindustries.com\/de\/?s={search_term_string}\"},\"query-input\":{\"@type\":\"PropertyValueSpecification\",\"valueRequired\":true,\"valueName\":\"search_term_string\"}}],\"inLanguage\":\"de\"},{\"@type\":\"Organization\",\"@id\":\"https:\/\/www.hyraxindustries.com\/de\/#organization\",\"name\":\"Hyrax Industries\",\"url\":\"https:\/\/www.hyraxindustries.com\/de\/\",\"logo\":{\"@type\":\"ImageObject\",\"inLanguage\":\"de\",\"@id\":\"https:\/\/www.hyraxindustries.com\/de\/#\/schema\/logo\/image\/\",\"url\":\"https:\/\/www.hyraxindustries.com\/app\/uploads\/2021\/12\/hyrax-logo.png\",\"contentUrl\":\"https:\/\/www.hyraxindustries.com\/app\/uploads\/2021\/12\/hyrax-logo.png\",\"width\":246,\"height\":71,\"caption\":\"Hyrax Industries\"},\"image\":{\"@id\":\"https:\/\/www.hyraxindustries.com\/de\/#\/schema\/logo\/image\/\"},\"sameAs\":[\"https:\/\/www.facebook.com\/Hyrax-Industries-BV-2329772260421103\",\"https:\/\/www.instagram.com\/hyrax_industries\/\",\"https:\/\/www.linkedin.com\/company\/hyrax-industries\/\",\"https:\/\/www.youtube.com\/channel\/UC75mQ5tAGmD2loknO5ui0hw\"]}]}<\/script>\n<!-- \/ Yoast SEO plugin. -->","yoast_head_json":{"title":"Hubarbeitsb\u00fchne mieten - HYRAX Hubarbeitsb\u00fchne","description":"Sie m\u00f6chten eine Hubarbeitsb\u00fchne leasen? Bei HYRAX ist das m\u00f6glich. Sie bezahlen den Betrag in Raten verteilt \u00fcber einen vorgew\u00e4hlten Zeitraum.","robots":{"index":"index","follow":"follow","max-snippet":"max-snippet:-1","max-image-preview":"max-image-preview:large","max-video-preview":"max-video-preview:-1"},"canonical":"https:\/\/www.hyraxindustries.com\/de\/finanzierungsleasing\/","og_locale":"de_DE","og_type":"article","og_title":"Hubarbeitsb\u00fchne mieten - HYRAX Hubarbeitsb\u00fchne","og_description":"Sie m\u00f6chten eine Hubarbeitsb\u00fchne leasen? Bei HYRAX ist das m\u00f6glich. Sie bezahlen den Betrag in Raten verteilt \u00fcber einen vorgew\u00e4hlten Zeitraum.","og_url":"https:\/\/www.hyraxindustries.com\/de\/finanzierungsleasing\/","og_site_name":"HYRAX Hoogwerkers","article_publisher":"https:\/\/www.facebook.com\/Hyrax-Industries-BV-2329772260421103","article_modified_time":"2025-12-09T14:22:37+00:00","twitter_card":"summary_large_image","twitter_misc":{"Gesch\u00e4tzte Lesezeit":"7\u00a0Minuten"},"schema":{"@context":"https:\/\/schema.org","@graph":[{"@type":"WebPage","@id":"https:\/\/www.hyraxindustries.com\/de\/finanzierungsleasing\/","url":"https:\/\/www.hyraxindustries.com\/de\/finanzierungsleasing\/","name":"Hubarbeitsb\u00fchne mieten - HYRAX Hubarbeitsb\u00fchne","isPartOf":{"@id":"https:\/\/www.hyraxindustries.com\/de\/#website"},"datePublished":"2022-02-17T05:50:29+00:00","dateModified":"2025-12-09T14:22:37+00:00","description":"Sie m\u00f6chten eine Hubarbeitsb\u00fchne leasen? Bei HYRAX ist das m\u00f6glich. Sie bezahlen den Betrag in Raten verteilt \u00fcber einen vorgew\u00e4hlten Zeitraum.","breadcrumb":{"@id":"https:\/\/www.hyraxindustries.com\/de\/finanzierungsleasing\/#breadcrumb"},"inLanguage":"de","potentialAction":[{"@type":"ReadAction","target":["https:\/\/www.hyraxindustries.com\/de\/finanzierungsleasing\/"]}]},{"@type":"BreadcrumbList","@id":"https:\/\/www.hyraxindustries.com\/de\/finanzierungsleasing\/#breadcrumb","itemListElement":[{"@type":"ListItem","position":1,"name":"Home","item":"https:\/\/www.hyraxindustries.com\/de\/"},{"@type":"ListItem","position":2,"name":"Finanzierungsleasing"}]},{"@type":"WebSite","@id":"https:\/\/www.hyraxindustries.com\/de\/#website","url":"https:\/\/www.hyraxindustries.com\/de\/","name":"Hyrax Industries","description":"Pushing the limit","publisher":{"@id":"https:\/\/www.hyraxindustries.com\/de\/#organization"},"potentialAction":[{"@type":"SearchAction","target":{"@type":"EntryPoint","urlTemplate":"https:\/\/www.hyraxindustries.com\/de\/?s={search_term_string}"},"query-input":{"@type":"PropertyValueSpecification","valueRequired":true,"valueName":"search_term_string"}}],"inLanguage":"de"},{"@type":"Organization","@id":"https:\/\/www.hyraxindustries.com\/de\/#organization","name":"Hyrax Industries","url":"https:\/\/www.hyraxindustries.com\/de\/","logo":{"@type":"ImageObject","inLanguage":"de","@id":"https:\/\/www.hyraxindustries.com\/de\/#\/schema\/logo\/image\/","url":"https:\/\/www.hyraxindustries.com\/app\/uploads\/2021\/12\/hyrax-logo.png","contentUrl":"https:\/\/www.hyraxindustries.com\/app\/uploads\/2021\/12\/hyrax-logo.png","width":246,"height":71,"caption":"Hyrax Industries"},"image":{"@id":"https:\/\/www.hyraxindustries.com\/de\/#\/schema\/logo\/image\/"},"sameAs":["https:\/\/www.facebook.com\/Hyrax-Industries-BV-2329772260421103","https:\/\/www.instagram.com\/hyrax_industries\/","https:\/\/www.linkedin.com\/company\/hyrax-industries\/","https:\/\/www.youtube.com\/channel\/UC75mQ5tAGmD2loknO5ui0hw"]}]}},"_links":{"self":[{"href":"https:\/\/www.hyraxindustries.com\/de\/wp-json\/wp\/v2\/pages\/6967","targetHints":{"allow":["GET"]}}],"collection":[{"href":"https:\/\/www.hyraxindustries.com\/de\/wp-json\/wp\/v2\/pages"}],"about":[{"href":"https:\/\/www.hyraxindustries.com\/de\/wp-json\/wp\/v2\/types\/page"}],"author":[{"embeddable":true,"href":"https:\/\/www.hyraxindustries.com\/de\/wp-json\/wp\/v2\/users\/1"}],"replies":[{"embeddable":true,"href":"https:\/\/www.hyraxindustries.com\/de\/wp-json\/wp\/v2\/comments?post=6967"}],"version-history":[{"count":1,"href":"https:\/\/www.hyraxindustries.com\/de\/wp-json\/wp\/v2\/pages\/6967\/revisions"}],"predecessor-version":[{"id":21383,"href":"https:\/\/www.hyraxindustries.com\/de\/wp-json\/wp\/v2\/pages\/6967\/revisions\/21383"}],"wp:attachment":[{"href":"https:\/\/www.hyraxindustries.com\/de\/wp-json\/wp\/v2\/media?parent=6967"}],"curies":[{"name":"wp","href":"https:\/\/api.w.org\/{rel}","templated":true}]}}