{"id":7030,"date":"2022-02-17T08:44:57","date_gmt":"2022-02-17T06:44:57","guid":{"rendered":"https:\/\/www.hyraxindustries.com\/zu-einer-demonstration-anmelden\/"},"modified":"2023-03-31T14:25:59","modified_gmt":"2023-03-31T12:25:59","slug":"zu-einer-demonstration-anmelden","status":"publish","type":"page","link":"https:\/\/www.hyraxindustries.com\/de\/zu-einer-demonstration-anmelden\/","title":{"rendered":"Zu einer Demonstration anmelden"},"content":{"rendered":"<p>[et_pb_section fb_built=&#8220;1&#8243; _builder_version=&#8220;4.16&#8243; background_color=&#8220;#1d2b3b&#8220; background_enable_image=&#8220;off&#8220; background_position=&#8220;bottom_right&#8220; width=&#8220;100%&#8220; width_tablet=&#8220;80%&#8220; width_phone=&#8220;80%&#8220; width_last_edited=&#8220;off|desktop&#8220; max_width=&#8220;100%&#8220; max_width_tablet=&#8220;80%&#8220; max_width_phone=&#8220;80%&#8220; max_width_last_edited=&#8220;off|desktop&#8220; module_alignment=&#8220;center&#8220; custom_margin=&#8220;0px||0px||true|false&#8220; custom_padding=&#8220;150px||150px||true|false&#8220; locked=&#8220;off&#8220; global_colors_info=&#8220;{}&#8220;][et_pb_row _builder_version=&#8220;4.16&#8243; global_colors_info=&#8220;{}&#8220;][et_pb_column type=&#8220;4_4&#8243; _builder_version=&#8220;4.16&#8243; global_colors_info=&#8220;{}&#8220;][et_pb_text _builder_version=&#8220;4.16&#8243; locked=&#8220;off&#8220; global_colors_info=&#8220;{}&#8220;]<\/p>\n<h3 style=\"text-align: left;\">Eine Demonstration anfordern?<\/h3>\n<h1>Erleben Sie sie von ihrer besten Seite. In der Praxis. <\/h1>\n<p style=\"text-align: left;\">Wir k\u00f6nnen Ihnen viel dar\u00fcber erz\u00e4hlen, wie gut eine HYRAX ist, aber letztendlich m\u00fcssen Sie es selbst ausprobieren. Deshalb sind wir gerne bereit, Ihnen unsere Maschinen pers\u00f6nlich zu demonstrieren. Sie sind herzlich eingeladen, uns im Werk zu besuchen, aber wir kommen auch gerne zu Ihnen. Melden Sie sich hier unten f\u00fcr eine einzigartige Demonstration der 27.12 an.   <\/p>\n<p>[\/et_pb_text][et_pb_button button_url=&#8220;@ET-DC@eyJkeW5hbWljIjp0cnVlLCJjb250ZW50IjoiY3VzdG9tX21ldGFfc3RhX2xpbmsiLCJzZXR0aW5ncyI6eyJiZWZvcmUiOiIiLCJhZnRlciI6IiIsImVuYWJsZV9odG1sIjoib2ZmIn19@&#8220; button_text=&#8220;@ET-DC@eyJkeW5hbWljIjp0cnVlLCJjb250ZW50IjoiY3VzdG9tX21ldGFfY3RhX3Rla3N0Iiwic2V0dGluZ3MiOnsiYmVmb3JlIjoiIiwiYWZ0ZXIiOiIiLCJlbmFibGVfaHRtbCI6Im9mZiJ9fQ==@&#8220; button_alignment=&#8220;center&#8220; _builder_version=&#8220;4.16&#8243; _dynamic_attributes=&#8220;button_text,button_url&#8220; custom_button=&#8220;on&#8220; button_text_size=&#8220;1.33em&#8220; button_text_color=&#8220;#ffffff&#8220; button_bg_color=&#8220;#d8221e&#8220; button_border_width=&#8220;0px&#8220; button_border_radius=&#8220;0px&#8220; button_font=&#8220;Rajdhani|||on|||||&#8220; button_use_icon=&#8220;off&#8220; transform_translate_linked__hover=&#8220;off&#8220; custom_padding=&#8220;15px|25px|15px|25px|true|true&#8220; hover_transition_delay=&#8220;30ms&#8220; hover_transition_speed_curve=&#8220;ease-in-out&#8220; button_text_color_last_edited=&#8220;off|desktop&#8220; button_bg_color_last_edited=&#8220;off|desktop&#8220; global_colors_info=&#8220;{}&#8220; button_bg_color__hover_enabled=&#8220;on|hover&#8220; button_text_color__hover_enabled=&#8220;off|desktop&#8220; button_bg_color__hover=&#8220;rgba(0,0,0,0)&#8220; button_bg_enable_color__hover=&#8220;on&#8220; transform_styles__hover_enabled=&#8220;off|desktop&#8220; transform_scale__hover_enabled=&#8220;off|desktop&#8220; transform_translate__hover_enabled=&#8220;off|desktop&#8220; transform_rotate__hover_enabled=&#8220;off|desktop&#8220; transform_skew__hover_enabled=&#8220;off|desktop&#8220; transform_origin__hover_enabled=&#8220;off|desktop&#8220; transform_translate__hover=&#8220;0px|-15px&#8220;][\/et_pb_button][et_pb_dcgd_gravity_divi_module gf_form=&#8220;15&#8243; show_title=&#8220;off&#8220; show_description=&#8220;off&#8220; _builder_version=&#8220;4.16.0&#8243; dcgm_form_field_bg_background_color=&#8220;#ffffff&#8220; fontstitle_text_align=&#8220;left&#8220; fontstitle_text_color=&#8220;#ffffff&#8220; fontsformdesc_font=&#8220;Rajdhani||||||||&#8220; fontsformdesc_text_align=&#8220;left&#8220; fontsformdesc_text_color=&#8220;#ffffff&#8220; fontsformdesc_font_size=&#8220;1em&#8220; fontsformbody_font=&#8220;Rajdhani|500|on||||||&#8220; fontsformbody_text_align=&#8220;left&#8220; fontsformbody_text_color=&#8220;#ffffff&#8220; fontsformbody_font_size=&#8220;1em&#8220; fontsformelements_font=&#8220;Rajdhani|600|||||||&#8220; fontsformelements_text_align=&#8220;left&#8220; fontsformelements_text_color=&#8220;#1a2b3c&#8220; fontsformelements_font_size=&#8220;1em&#8220; custom_dcgm_button=&#8220;on&#8220; dcgm_button_text_color=&#8220;#ffffff&#8220; dcgm_button_bg_color=&#8220;#d8221e&#8220; dcgm_button_border_width=&#8220;0px&#8220; dcgm_button_border_color=&#8220;#d8221e&#8220; dcgm_button_border_radius=&#8220;0px&#8220; dcgm_button_font=&#8220;Rajdhani||||||||&#8220; dcgm_button_alignment=&#8220;left&#8220; dcgm_button_custom_padding=&#8220;15px|25px|15px|25px|true|true&#8220; module_alignment=&#8220;left&#8220; custom_margin=&#8220;50px||||false|false&#8220; border_color_all=&#8220;rgba(0,0,0,0)&#8220; saved_tabs=&#8220;all&#8220; locked=&#8220;off&#8220; global_colors_info=&#8220;{}&#8220;][\/et_pb_dcgd_gravity_divi_module][\/et_pb_column][\/et_pb_row][\/et_pb_section][et_pb_section fb_built=&#8220;1&#8243; fullwidth=&#8220;on&#8220; _builder_version=&#8220;4.16&#8243; background_image=&#8220;https:\/\/www.hyraxindustries.com\/app\/uploads\/2021\/03\/HYRAX-Demo-aanvragen-h01.png&#8220; global_colors_info=&#8220;{}&#8220;][\/et_pb_section]<\/p>\n","protected":false},"excerpt":{"rendered":"<p>Eine Demonstration anfordern? Erleben Sie sie von ihrer besten Seite. In der Praxis. Wir k\u00f6nnen Ihnen viel dar\u00fcber erz\u00e4hlen, wie gut eine HYRAX ist, aber letztendlich m\u00fcssen Sie es selbst ausprobieren. Deshalb sind wir gerne bereit, Ihnen unsere Maschinen pers\u00f6nlich zu demonstrieren. Sie sind herzlich eingeladen, uns im Werk zu besuchen, aber wir kommen auch [&hellip;]<\/p>\n","protected":false},"author":1,"featured_media":0,"parent":0,"menu_order":0,"comment_status":"closed","ping_status":"closed","template":"","meta":{"_acf_changed":false,"_et_pb_use_builder":"on","_et_pb_old_content":"","_et_gb_content_width":"","inline_featured_image":false,"footnotes":""},"class_list":["post-7030","page","type-page","status-publish","hentry"],"acf":[],"yoast_head":"<!-- This site is optimized with the Yoast SEO plugin v27.0 - https:\/\/yoast.com\/product\/yoast-seo-wordpress\/ -->\n<title>Zu einer demonstration anmelden - HYRAX Hubarbeitsb\u00fchnen<\/title>\n<meta name=\"description\" content=\"Fordern Sie eine Demonstration an. Wir k\u00f6nnen Ihnen viel dar\u00fcber erz\u00e4hlen, aber erst in der Praxis erleben Sie sie von ihrer besten Seite.\" \/>\n<meta name=\"robots\" content=\"index, follow, max-snippet:-1, max-image-preview:large, max-video-preview:-1\" \/>\n<link rel=\"canonical\" href=\"https:\/\/www.hyraxindustries.com\/de\/zu-einer-demonstration-anmelden\/\" \/>\n<meta property=\"og:locale\" content=\"de_DE\" \/>\n<meta property=\"og:type\" content=\"article\" \/>\n<meta property=\"og:title\" content=\"Zu einer demonstration anmelden - HYRAX Hubarbeitsb\u00fchnen\" \/>\n<meta property=\"og:description\" content=\"Fordern Sie eine Demonstration an. Wir k\u00f6nnen Ihnen viel dar\u00fcber erz\u00e4hlen, aber erst in der Praxis erleben Sie sie von ihrer besten Seite.\" \/>\n<meta property=\"og:url\" content=\"https:\/\/www.hyraxindustries.com\/de\/zu-einer-demonstration-anmelden\/\" \/>\n<meta property=\"og:site_name\" content=\"HYRAX Hoogwerkers\" \/>\n<meta property=\"article:publisher\" content=\"https:\/\/www.facebook.com\/Hyrax-Industries-BV-2329772260421103\" \/>\n<meta property=\"article:modified_time\" content=\"2023-03-31T12:25:59+00:00\" \/>\n<meta name=\"twitter:card\" content=\"summary_large_image\" \/>\n<meta name=\"twitter:label1\" content=\"Gesch\u00e4tzte Lesezeit\" \/>\n\t<meta name=\"twitter:data1\" content=\"3\u00a0Minuten\" \/>\n<script type=\"application\/ld+json\" class=\"yoast-schema-graph\">{\"@context\":\"https:\/\/schema.org\",\"@graph\":[{\"@type\":\"WebPage\",\"@id\":\"https:\/\/www.hyraxindustries.com\/de\/zu-einer-demonstration-anmelden\/\",\"url\":\"https:\/\/www.hyraxindustries.com\/de\/zu-einer-demonstration-anmelden\/\",\"name\":\"Zu einer demonstration anmelden - HYRAX Hubarbeitsb\u00fchnen\",\"isPartOf\":{\"@id\":\"https:\/\/www.hyraxindustries.com\/de\/#website\"},\"datePublished\":\"2022-02-17T06:44:57+00:00\",\"dateModified\":\"2023-03-31T12:25:59+00:00\",\"description\":\"Fordern Sie eine Demonstration an. Wir k\u00f6nnen Ihnen viel dar\u00fcber erz\u00e4hlen, aber erst in der Praxis erleben Sie sie von ihrer besten Seite.\",\"breadcrumb\":{\"@id\":\"https:\/\/www.hyraxindustries.com\/de\/zu-einer-demonstration-anmelden\/#breadcrumb\"},\"inLanguage\":\"de\",\"potentialAction\":[{\"@type\":\"ReadAction\",\"target\":[\"https:\/\/www.hyraxindustries.com\/de\/zu-einer-demonstration-anmelden\/\"]}]},{\"@type\":\"BreadcrumbList\",\"@id\":\"https:\/\/www.hyraxindustries.com\/de\/zu-einer-demonstration-anmelden\/#breadcrumb\",\"itemListElement\":[{\"@type\":\"ListItem\",\"position\":1,\"name\":\"Home\",\"item\":\"https:\/\/www.hyraxindustries.com\/de\/\"},{\"@type\":\"ListItem\",\"position\":2,\"name\":\"Zu einer Demonstration anmelden\"}]},{\"@type\":\"WebSite\",\"@id\":\"https:\/\/www.hyraxindustries.com\/de\/#website\",\"url\":\"https:\/\/www.hyraxindustries.com\/de\/\",\"name\":\"Hyrax Industries\",\"description\":\"Pushing the limit\",\"publisher\":{\"@id\":\"https:\/\/www.hyraxindustries.com\/de\/#organization\"},\"potentialAction\":[{\"@type\":\"SearchAction\",\"target\":{\"@type\":\"EntryPoint\",\"urlTemplate\":\"https:\/\/www.hyraxindustries.com\/de\/?s={search_term_string}\"},\"query-input\":{\"@type\":\"PropertyValueSpecification\",\"valueRequired\":true,\"valueName\":\"search_term_string\"}}],\"inLanguage\":\"de\"},{\"@type\":\"Organization\",\"@id\":\"https:\/\/www.hyraxindustries.com\/de\/#organization\",\"name\":\"Hyrax Industries\",\"url\":\"https:\/\/www.hyraxindustries.com\/de\/\",\"logo\":{\"@type\":\"ImageObject\",\"inLanguage\":\"de\",\"@id\":\"https:\/\/www.hyraxindustries.com\/de\/#\/schema\/logo\/image\/\",\"url\":\"https:\/\/www.hyraxindustries.com\/app\/uploads\/2021\/12\/hyrax-logo.png\",\"contentUrl\":\"https:\/\/www.hyraxindustries.com\/app\/uploads\/2021\/12\/hyrax-logo.png\",\"width\":246,\"height\":71,\"caption\":\"Hyrax Industries\"},\"image\":{\"@id\":\"https:\/\/www.hyraxindustries.com\/de\/#\/schema\/logo\/image\/\"},\"sameAs\":[\"https:\/\/www.facebook.com\/Hyrax-Industries-BV-2329772260421103\",\"https:\/\/www.instagram.com\/hyrax_industries\/\",\"https:\/\/www.linkedin.com\/company\/hyrax-industries\/\",\"https:\/\/www.youtube.com\/channel\/UC75mQ5tAGmD2loknO5ui0hw\"]}]}<\/script>\n<!-- \/ Yoast SEO plugin. -->","yoast_head_json":{"title":"Zu einer demonstration anmelden - HYRAX Hubarbeitsb\u00fchnen","description":"Fordern Sie eine Demonstration an. Wir k\u00f6nnen Ihnen viel dar\u00fcber erz\u00e4hlen, aber erst in der Praxis erleben Sie sie von ihrer besten Seite.","robots":{"index":"index","follow":"follow","max-snippet":"max-snippet:-1","max-image-preview":"max-image-preview:large","max-video-preview":"max-video-preview:-1"},"canonical":"https:\/\/www.hyraxindustries.com\/de\/zu-einer-demonstration-anmelden\/","og_locale":"de_DE","og_type":"article","og_title":"Zu einer demonstration anmelden - HYRAX Hubarbeitsb\u00fchnen","og_description":"Fordern Sie eine Demonstration an. Wir k\u00f6nnen Ihnen viel dar\u00fcber erz\u00e4hlen, aber erst in der Praxis erleben Sie sie von ihrer besten Seite.","og_url":"https:\/\/www.hyraxindustries.com\/de\/zu-einer-demonstration-anmelden\/","og_site_name":"HYRAX Hoogwerkers","article_publisher":"https:\/\/www.facebook.com\/Hyrax-Industries-BV-2329772260421103","article_modified_time":"2023-03-31T12:25:59+00:00","twitter_card":"summary_large_image","twitter_misc":{"Gesch\u00e4tzte Lesezeit":"3\u00a0Minuten"},"schema":{"@context":"https:\/\/schema.org","@graph":[{"@type":"WebPage","@id":"https:\/\/www.hyraxindustries.com\/de\/zu-einer-demonstration-anmelden\/","url":"https:\/\/www.hyraxindustries.com\/de\/zu-einer-demonstration-anmelden\/","name":"Zu einer demonstration anmelden - HYRAX Hubarbeitsb\u00fchnen","isPartOf":{"@id":"https:\/\/www.hyraxindustries.com\/de\/#website"},"datePublished":"2022-02-17T06:44:57+00:00","dateModified":"2023-03-31T12:25:59+00:00","description":"Fordern Sie eine Demonstration an. Wir k\u00f6nnen Ihnen viel dar\u00fcber erz\u00e4hlen, aber erst in der Praxis erleben Sie sie von ihrer besten Seite.","breadcrumb":{"@id":"https:\/\/www.hyraxindustries.com\/de\/zu-einer-demonstration-anmelden\/#breadcrumb"},"inLanguage":"de","potentialAction":[{"@type":"ReadAction","target":["https:\/\/www.hyraxindustries.com\/de\/zu-einer-demonstration-anmelden\/"]}]},{"@type":"BreadcrumbList","@id":"https:\/\/www.hyraxindustries.com\/de\/zu-einer-demonstration-anmelden\/#breadcrumb","itemListElement":[{"@type":"ListItem","position":1,"name":"Home","item":"https:\/\/www.hyraxindustries.com\/de\/"},{"@type":"ListItem","position":2,"name":"Zu einer Demonstration anmelden"}]},{"@type":"WebSite","@id":"https:\/\/www.hyraxindustries.com\/de\/#website","url":"https:\/\/www.hyraxindustries.com\/de\/","name":"Hyrax Industries","description":"Pushing the limit","publisher":{"@id":"https:\/\/www.hyraxindustries.com\/de\/#organization"},"potentialAction":[{"@type":"SearchAction","target":{"@type":"EntryPoint","urlTemplate":"https:\/\/www.hyraxindustries.com\/de\/?s={search_term_string}"},"query-input":{"@type":"PropertyValueSpecification","valueRequired":true,"valueName":"search_term_string"}}],"inLanguage":"de"},{"@type":"Organization","@id":"https:\/\/www.hyraxindustries.com\/de\/#organization","name":"Hyrax Industries","url":"https:\/\/www.hyraxindustries.com\/de\/","logo":{"@type":"ImageObject","inLanguage":"de","@id":"https:\/\/www.hyraxindustries.com\/de\/#\/schema\/logo\/image\/","url":"https:\/\/www.hyraxindustries.com\/app\/uploads\/2021\/12\/hyrax-logo.png","contentUrl":"https:\/\/www.hyraxindustries.com\/app\/uploads\/2021\/12\/hyrax-logo.png","width":246,"height":71,"caption":"Hyrax Industries"},"image":{"@id":"https:\/\/www.hyraxindustries.com\/de\/#\/schema\/logo\/image\/"},"sameAs":["https:\/\/www.facebook.com\/Hyrax-Industries-BV-2329772260421103","https:\/\/www.instagram.com\/hyrax_industries\/","https:\/\/www.linkedin.com\/company\/hyrax-industries\/","https:\/\/www.youtube.com\/channel\/UC75mQ5tAGmD2loknO5ui0hw"]}]}},"_links":{"self":[{"href":"https:\/\/www.hyraxindustries.com\/de\/wp-json\/wp\/v2\/pages\/7030","targetHints":{"allow":["GET"]}}],"collection":[{"href":"https:\/\/www.hyraxindustries.com\/de\/wp-json\/wp\/v2\/pages"}],"about":[{"href":"https:\/\/www.hyraxindustries.com\/de\/wp-json\/wp\/v2\/types\/page"}],"author":[{"embeddable":true,"href":"https:\/\/www.hyraxindustries.com\/de\/wp-json\/wp\/v2\/users\/1"}],"replies":[{"embeddable":true,"href":"https:\/\/www.hyraxindustries.com\/de\/wp-json\/wp\/v2\/comments?post=7030"}],"version-history":[{"count":1,"href":"https:\/\/www.hyraxindustries.com\/de\/wp-json\/wp\/v2\/pages\/7030\/revisions"}],"predecessor-version":[{"id":10342,"href":"https:\/\/www.hyraxindustries.com\/de\/wp-json\/wp\/v2\/pages\/7030\/revisions\/10342"}],"wp:attachment":[{"href":"https:\/\/www.hyraxindustries.com\/de\/wp-json\/wp\/v2\/media?parent=7030"}],"curies":[{"name":"wp","href":"https:\/\/api.w.org\/{rel}","templated":true}]}}