{"id":4075,"date":"2021-01-21T14:48:21","date_gmt":"2021-01-21T12:48:21","guid":{"rendered":"https:\/\/www.hyraxindustries.com\/?page_id=4075"},"modified":"2025-12-03T16:28:37","modified_gmt":"2025-12-03T14:28:37","slug":"hyrax-industries","status":"publish","type":"page","link":"https:\/\/www.hyraxindustries.com\/nl\/hyrax-industries\/","title":{"rendered":"HYRAX Industries"},"content":{"rendered":"<p>[et_pb_section fb_built=&#8221;1&#8243; _builder_version=&#8221;4.16&#8243; background_color=&#8221;#1a2b3c&#8221; background_enable_image=&#8221;off&#8221; background_size=&#8221;initial&#8221; background_position=&#8221;bottom_right&#8221; width=&#8221;100%&#8221; width_tablet=&#8221;80%&#8221; width_phone=&#8221;80%&#8221; width_last_edited=&#8221;off|desktop&#8221; max_width=&#8221;100%&#8221; max_width_tablet=&#8221;80%&#8221; max_width_phone=&#8221;80%&#8221; max_width_last_edited=&#8221;off|desktop&#8221; module_alignment=&#8221;center&#8221; custom_margin=&#8221;0px||0px||true|false&#8221; custom_padding=&#8221;140px||140px||true|false&#8221; da_disable_devices=&#8221;off|off|off&#8221; global_colors_info=&#8221;{}&#8221; da_is_popup=&#8221;off&#8221; da_exit_intent=&#8221;off&#8221; da_has_close=&#8221;on&#8221; da_alt_close=&#8221;off&#8221; da_dark_close=&#8221;off&#8221; da_not_modal=&#8221;on&#8221; da_is_singular=&#8221;off&#8221; da_with_loader=&#8221;off&#8221; da_has_shadow=&#8221;on&#8221;][et_pb_row use_custom_gutter=&#8221;on&#8221; gutter_width=&#8221;4&#8243; make_equal=&#8221;on&#8221; _builder_version=&#8221;4.16&#8243; width_tablet=&#8221;&#8221; width_phone=&#8221;&#8221; width_last_edited=&#8221;on|desktop&#8221; custom_margin=&#8221;||||false|false&#8221; custom_padding=&#8221;3px||0px||false|false&#8221; locked=&#8221;off&#8221; global_colors_info=&#8221;{}&#8221;][et_pb_column type=&#8221;4_4&#8243; _builder_version=&#8221;4.16&#8243; background_color=&#8221;rgba(0,0,0,0)&#8221; custom_padding=&#8221;||||false|false&#8221; pac_dcm_carousel_specific_module_num=&#8221;0&#8243; global_colors_info=&#8221;{}&#8221;][et_pb_text _builder_version=&#8221;4.16&#8243; header_line_height_last_edited=&#8221;off|desktop&#8221; header_2_font_size_tablet=&#8221;&#8221; header_2_font_size_phone=&#8221;&#8221; header_2_font_size_last_edited=&#8221;on|phone&#8221; global_colors_info=&#8221;{}&#8221;]<\/p>\n<h3>HYRAX Industries<\/h3>\n<h1>Makers van de hoogwerker die grenzen verlegt.<\/h1>\n<p>Vanuit terugkerende vraag uit de markt merkten wij dat er ruimte was voor HYRAX. Grensverleggende machines waarbij de gebruiker centraal staat. De ambitie om simpelweg de b\u00e9ste hoogwerker te maken, veranderde in een plan. In 2017 begonnen we de eerste idee\u00ebn uit te werken. Hoe zou de machine eruit moeten zien waarmee je als gebruiker in \u00e9lke situatie topprestaties kunt leveren? Hoe kunnen we keer op keer aan hoogwerkers gestelde grenzen verleggen?<\/p>\n<p>[\/et_pb_text][\/et_pb_column][\/et_pb_row][\/et_pb_section][et_pb_section fb_built=&#8221;1&#8243; fullwidth=&#8221;on&#8221; _builder_version=&#8221;4.16&#8243; background_image=&#8221;https:\/\/www.hyraxindustries.com\/app\/uploads\/2022\/01\/HYRAX-Werken-bij-h06.jpg&#8221; height=&#8221;80vh&#8221; da_disable_devices=&#8221;off|off|off&#8221; global_colors_info=&#8221;{}&#8221; da_is_popup=&#8221;off&#8221; da_exit_intent=&#8221;off&#8221; da_has_close=&#8221;on&#8221; da_alt_close=&#8221;off&#8221; da_dark_close=&#8221;off&#8221; da_not_modal=&#8221;on&#8221; da_is_singular=&#8221;off&#8221; da_with_loader=&#8221;off&#8221; da_has_shadow=&#8221;on&#8221;][\/et_pb_section][et_pb_section fb_built=&#8221;1&#8243; _builder_version=&#8221;4.16&#8243; background_color=&#8221;#1a2b3c&#8221; background_enable_image=&#8221;off&#8221; background_size=&#8221;initial&#8221; background_position=&#8221;bottom_right&#8221; width=&#8221;100%&#8221; width_tablet=&#8221;80%&#8221; width_phone=&#8221;80%&#8221; width_last_edited=&#8221;off|desktop&#8221; max_width=&#8221;100%&#8221; max_width_tablet=&#8221;80%&#8221; max_width_phone=&#8221;80%&#8221; max_width_last_edited=&#8221;off|desktop&#8221; module_alignment=&#8221;center&#8221; custom_margin=&#8221;0px||0px||true|false&#8221; custom_padding=&#8221;150px||130px||false|false&#8221; da_disable_devices=&#8221;off|off|off&#8221; global_colors_info=&#8221;{}&#8221; da_is_popup=&#8221;off&#8221; da_exit_intent=&#8221;off&#8221; da_has_close=&#8221;on&#8221; da_alt_close=&#8221;off&#8221; da_dark_close=&#8221;off&#8221; da_not_modal=&#8221;on&#8221; da_is_singular=&#8221;off&#8221; da_with_loader=&#8221;off&#8221; da_has_shadow=&#8221;on&#8221;][et_pb_row _builder_version=&#8221;4.16&#8243; _module_preset=&#8221;default&#8221; global_colors_info=&#8221;{}&#8221;][et_pb_column type=&#8221;4_4&#8243; _builder_version=&#8221;4.16&#8243; _module_preset=&#8221;default&#8221; pac_dcm_carousel_specific_module_num=&#8221;0&#8243; global_colors_info=&#8221;{}&#8221;][et_pb_text _builder_version=&#8221;4.22.2&#8243; header_4_text_color=&#8221;rgba(255,255,255,0.5)&#8221; locked=&#8221;off&#8221; global_colors_info=&#8221;{}&#8221;]<\/p>\n<h3><span style=\"color: #ffffff;\">Een veelbelovend ideaal<\/span><\/h3>\n<h4>Onder de handen van onze engineers groeide langzaam maar zeker een revolutionaire machine. Doordacht tot in detail. We hielden vast aan ons ideaal: een machine die het m\u00e9\u00e9ste kan, en die tegelijk het meest compact is. Omdat we wisten dat die filosofie zich elke dag gaat terugbetalen aan de gebruikers. Onze slogan vat het samen. HYRAX. Pushing the limit. Zie het als een belofte.<\/h4>\n<p>[\/et_pb_text][\/et_pb_column][\/et_pb_row][et_pb_row column_structure=&#8221;1_4,1_4,1_4,1_4&#8243; use_custom_gutter=&#8221;on&#8221; gutter_width=&#8221;2&#8243; _builder_version=&#8221;4.22.2&#8243; _module_preset=&#8221;default&#8221; width=&#8221;1200px&#8221; global_colors_info=&#8221;{}&#8221;][et_pb_column type=&#8221;1_4&#8243; _builder_version=&#8221;4.16&#8243; _module_preset=&#8221;default&#8221; pac_dcm_carousel_specific_module_num=&#8221;0&#8243; global_colors_info=&#8221;{}&#8221;][et_pb_image src=&#8221;https:\/\/www.hyraxindustries.com\/app\/uploads\/2025\/02\/HYRAX-Aerial-Lifts-Director-Sales-Caspar-van-Woerden.jpg&#8221; title_text=&#8221;HYRAX Aerial Lifts Director &#8211; Sales Caspar van Woerden&#8221; force_fullwidth=&#8221;on&#8221; _builder_version=&#8221;4.22.2&#8243; _module_preset=&#8221;default&#8221; global_colors_info=&#8221;{}&#8221;][\/et_pb_image][et_pb_text _builder_version=&#8221;4.22.2&#8243; _module_preset=&#8221;default&#8221; link_font=&#8221;Rajdhani||||||||&#8221; link_text_color=&#8221;rgba(255,255,255,0.5)&#8221; global_colors_info=&#8221;{}&#8221;]<\/p>\n<h4>Caspar van Woerden<\/h4>\n<p><a href=\"mailto:caspar@hyrax.nl\"><\/a>Director \/ Sales<br \/><a href=\"mailto:caspar@hyrax.nl\">caspar@hyrax.nl<\/a><\/p>\n<p>[\/et_pb_text][\/et_pb_column][et_pb_column type=&#8221;1_4&#8243; _builder_version=&#8221;4.16&#8243; _module_preset=&#8221;default&#8221; pac_dcm_carousel_specific_module_num=&#8221;0&#8243; global_colors_info=&#8221;{}&#8221;][et_pb_image src=&#8221;https:\/\/www.hyraxindustries.com\/app\/uploads\/2025\/02\/HYRAX-Aerial-Lifts-Sales-Europe-Jan-Hop.jpg&#8221; title_text=&#8221;HYRAX Aerial Lifts Sales Europe Jan Hop&#8221; force_fullwidth=&#8221;on&#8221; _builder_version=&#8221;4.22.2&#8243; _module_preset=&#8221;default&#8221; global_colors_info=&#8221;{}&#8221;][\/et_pb_image][et_pb_text _builder_version=&#8221;4.22.2&#8243; _module_preset=&#8221;default&#8221; link_font=&#8221;Rajdhani||||||||&#8221; link_text_color=&#8221;rgba(255,255,255,0.5)&#8221; global_colors_info=&#8221;{}&#8221;]<\/p>\n<h4>Jan Hop<\/h4>\n<p>Sales Europa<br \/><a href=\"mailto:jan@hyrax.nl\">jan@hyrax.nl<\/a><\/p>\n<p>[\/et_pb_text][\/et_pb_column][et_pb_column type=&#8221;1_4&#8243; _builder_version=&#8221;4.16&#8243; _module_preset=&#8221;default&#8221; pac_dcm_carousel_specific_module_num=&#8221;0&#8243; global_colors_info=&#8221;{}&#8221;][et_pb_image src=&#8221;https:\/\/www.hyraxindustries.com\/app\/uploads\/2025\/02\/HYRAX-Aerial-Lifts-Dealermanager-Sales-Raymond-Peters.jpg&#8221; title_text=&#8221;HYRAX Aerial Lifts Dealermanager &#8211; Sales Raymond Peters&#8221; force_fullwidth=&#8221;on&#8221; _builder_version=&#8221;4.22.2&#8243; _module_preset=&#8221;default&#8221; global_colors_info=&#8221;{}&#8221;][\/et_pb_image][et_pb_text _builder_version=&#8221;4.22.2&#8243; _module_preset=&#8221;default&#8221; link_font=&#8221;Rajdhani||||||||&#8221; link_text_color=&#8221;rgba(255,255,255,0.5)&#8221; global_colors_info=&#8221;{}&#8221;]<\/p>\n<h4>Raymond Peters<\/h4>\n<p>Sales North America<br \/><a href=\"mailto:raymond@hyraxindustries.com\">raymond@hyraxindustries.com<\/a><\/p>\n<p>[\/et_pb_text][\/et_pb_column][et_pb_column type=&#8221;1_4&#8243; _builder_version=&#8221;4.16&#8243; _module_preset=&#8221;default&#8221; pac_dcm_carousel_specific_module_num=&#8221;0&#8243; global_colors_info=&#8221;{}&#8221;][et_pb_image src=&#8221;https:\/\/www.hyraxindustries.com\/app\/uploads\/2021\/10\/HYRAX-Team-Mandy-Epping-210&#215;300.jpg&#8221; title_text=&#8221;HYRAX Team Mandy Epping&#8221; force_fullwidth=&#8221;on&#8221; _builder_version=&#8221;4.16&#8243; _module_preset=&#8221;default&#8221; background_color=&#8221;#1A2B3C&#8221; global_colors_info=&#8221;{}&#8221;][\/et_pb_image][et_pb_text _builder_version=&#8221;4.22.2&#8243; _module_preset=&#8221;default&#8221; link_font=&#8221;Rajdhani||||||||&#8221; link_text_color=&#8221;rgba(255,255,255,0.5)&#8221; global_colors_info=&#8221;{}&#8221;]<\/p>\n<h4>Mandy Epping<\/h4>\n<p>Office manager<br \/><a href=\"mailto:mandy@hyrax.nl\">mandy@hyrax.nl<\/a><\/p>\n<p>[\/et_pb_text][\/et_pb_column][\/et_pb_row][\/et_pb_section][et_pb_section fb_built=&#8221;1&#8243; _builder_version=&#8221;4.16&#8243; background_color=&#8221;#162431&#8243; background_enable_image=&#8221;off&#8221; background_size=&#8221;initial&#8221; background_position=&#8221;bottom_right&#8221; width=&#8221;100%&#8221; width_tablet=&#8221;80%&#8221; width_phone=&#8221;80%&#8221; width_last_edited=&#8221;off|desktop&#8221; max_width=&#8221;100%&#8221; max_width_tablet=&#8221;80%&#8221; max_width_phone=&#8221;80%&#8221; max_width_last_edited=&#8221;off|desktop&#8221; module_alignment=&#8221;center&#8221; custom_margin=&#8221;0px||0px||true|false&#8221; custom_padding=&#8221;140px||130px||false|false&#8221; da_disable_devices=&#8221;off|off|off&#8221; global_colors_info=&#8221;{}&#8221; da_is_popup=&#8221;off&#8221; da_exit_intent=&#8221;off&#8221; da_has_close=&#8221;on&#8221; da_alt_close=&#8221;off&#8221; da_dark_close=&#8221;off&#8221; da_not_modal=&#8221;on&#8221; da_is_singular=&#8221;off&#8221; da_with_loader=&#8221;off&#8221; da_has_shadow=&#8221;on&#8221;][et_pb_row use_custom_gutter=&#8221;on&#8221; gutter_width=&#8221;4&#8243; make_equal=&#8221;on&#8221; _builder_version=&#8221;4.16&#8243; width_tablet=&#8221;&#8221; width_phone=&#8221;&#8221; width_last_edited=&#8221;on|desktop&#8221; max_width=&#8221;50%&#8221; custom_margin=&#8221;|auto||auto|false|false&#8221; custom_padding=&#8221;0px||0px||false|false&#8221; locked=&#8221;off&#8221; global_colors_info=&#8221;{}&#8221;][et_pb_column type=&#8221;4_4&#8243; _builder_version=&#8221;4.16&#8243; background_color=&#8221;rgba(0,0,0,0)&#8221; custom_padding=&#8221;||||false|false&#8221; pac_dcm_carousel_specific_module_num=&#8221;0&#8243; global_colors_info=&#8221;{}&#8221;][et_pb_text _builder_version=&#8221;4.16&#8243; header_2_font_size_tablet=&#8221;&#8221; header_2_font_size_phone=&#8221;&#8221; header_2_font_size_last_edited=&#8221;on|phone&#8221; global_colors_info=&#8221;{}&#8221;]<\/p>\n<h1>Ontwikkeling, productie en service.<\/h1>\n<p>De fabriek van HYRAX is gevestigd in Wekerom. Hier vervaardigen we de hoogwerkers in kleine series. Het is het epicentrum van engineering, productie \u00e9n service. En dat is ideaal. Ontwikkeling en gebruikerservaringen komen bij elkaar, en worden vertaald in product(ie)keuzes. Daarbij werken we nauw samen met een netwerk van leveranciers. Partners die we zorgvuldig hebben geselecteerd op onder meer kwaliteit, duurzaamheid en betrouwbaarheid.<\/p>\n<p>[\/et_pb_text][\/et_pb_column][\/et_pb_row][et_pb_row _builder_version=&#8221;4.16&#8243; width_tablet=&#8221;80%&#8221; width_phone=&#8221;80%&#8221; width_last_edited=&#8221;off|desktop&#8221; max_width_last_edited=&#8221;off|desktop&#8221; custom_margin=&#8221;50px||||false|false&#8221; custom_padding=&#8221;||||false|false&#8221; locked=&#8221;off&#8221; global_colors_info=&#8221;{}&#8221;][et_pb_column type=&#8221;4_4&#8243; _builder_version=&#8221;4.16&#8243; pac_dcm_carousel_specific_module_num=&#8221;0&#8243; global_colors_info=&#8221;{}&#8221;][et_pb_code _builder_version=&#8221;4.16&#8243; global_colors_info=&#8221;{}&#8221;]<iframe loading=\"lazy\" width=\"560\" height=\"315\" src=\"https:\/\/www.youtube.com\/embed\/jUjfA7urbLs?rel=0\" title=\"YouTube video player\" frameborder=\"0\" allow=\"accelerometer; autoplay; clipboard-write; encrypted-media; gyroscope; picture-in-picture\" allowfullscreen><\/iframe>[\/et_pb_code][\/et_pb_column][\/et_pb_row][et_pb_row use_custom_gutter=&#8221;on&#8221; gutter_width=&#8221;4&#8243; make_equal=&#8221;on&#8221; _builder_version=&#8221;4.22.2&#8243; width_tablet=&#8221;&#8221; width_phone=&#8221;&#8221; width_last_edited=&#8221;on|desktop&#8221; max_width=&#8221;50%&#8221; custom_margin=&#8221;150px|auto||auto|false|false&#8221; custom_padding=&#8221;0px||0px||false|false&#8221; locked=&#8221;off&#8221; global_colors_info=&#8221;{}&#8221;][et_pb_column type=&#8221;4_4&#8243; _builder_version=&#8221;4.16&#8243; background_color=&#8221;rgba(0,0,0,0)&#8221; custom_padding=&#8221;||||false|false&#8221; pac_dcm_carousel_specific_module_num=&#8221;0&#8243; global_colors_info=&#8221;{}&#8221;][et_pb_text _builder_version=&#8221;4.22.2&#8243; header_2_font_size_tablet=&#8221;&#8221; header_2_font_size_phone=&#8221;&#8221; header_2_font_size_last_edited=&#8221;on|phone&#8221; global_colors_info=&#8221;{}&#8221;]<\/p>\n<h1>Team HYRAX<\/h1>\n<p class=\"p1\">Zonder ons team zou HYRAX niet zijn wat het is. Het zijn de mensen achter de schermen die elke machine tot leven wekken: denkers, doeners en probleemoplossers met een hart voor hun vak. Dankzij hun toewijding, vakmanschap en drive maken we het verschil tussen gewoon goed en \u00e9cht bijzonder. Met hun kennis, energie en lef tillen ze niet alleen staal, maar ook HYRAX zelf naar een hoger niveau. Zij zijn de echte kracht achter onze machines.<\/p>\n<p>[\/et_pb_text][et_pb_button button_url=&#8221;@ET-DC@eyJkeW5hbWljIjp0cnVlLCJjb250ZW50IjoicG9zdF9saW5rX3VybF9wYWdlIiwic2V0dGluZ3MiOnsicG9zdF9pZCI6IjExMTcxIn19@&#8221; button_text=&#8221;Werken bij HYRAX&#8221; _builder_version=&#8221;4.22.2&#8243; _dynamic_attributes=&#8221;button_url&#8221; _module_preset=&#8221;default&#8221; custom_button=&#8221;on&#8221; button_text_color=&#8221;#FFFFFF&#8221; button_bg_color=&#8221;#D8221E&#8221; button_border_width=&#8221;0px&#8221; button_border_radius=&#8221;0px&#8221; button_font=&#8221;|600||on|||||&#8221; button_use_icon=&#8221;off&#8221; custom_margin=&#8221;||||false|false&#8221; custom_padding=&#8221;12px|30px|12px|30px|true|true&#8221; locked=&#8221;off&#8221; global_colors_info=&#8221;{}&#8221; transform_styles__hover_enabled=&#8221;on|desktop&#8221; transform_scale__hover=&#8221;105%|105%&#8221; transform_scale__hover_enabled=&#8221;on|hover&#8221; transform_translate__hover_enabled=&#8221;on|desktop&#8221; transform_rotate__hover_enabled=&#8221;on|desktop&#8221; transform_skew__hover_enabled=&#8221;on|desktop&#8221; transform_origin__hover_enabled=&#8221;on|desktop&#8221;][\/et_pb_button][\/et_pb_column][\/et_pb_row][\/et_pb_section][et_pb_section fb_built=&#8221;1&#8243; fullwidth=&#8221;on&#8221; _builder_version=&#8221;4.22.2&#8243; background_image=&#8221;https:\/\/www.hyraxindustries.com\/app\/uploads\/2025\/02\/HYRAX-Aerial-Lifts-Het-team-2.jpg&#8221; background_position=&#8221;bottom_center&#8221; da_disable_devices=&#8221;off|off|off&#8221; global_colors_info=&#8221;{}&#8221; da_is_popup=&#8221;off&#8221; da_exit_intent=&#8221;off&#8221; da_has_close=&#8221;on&#8221; da_alt_close=&#8221;off&#8221; da_dark_close=&#8221;off&#8221; da_not_modal=&#8221;on&#8221; da_is_singular=&#8221;off&#8221; da_with_loader=&#8221;off&#8221; da_has_shadow=&#8221;on&#8221;][\/et_pb_section]<\/p>\n","protected":false},"excerpt":{"rendered":"<p>HYRAX Industries Makers van de hoogwerker die grenzen verlegt. Vanuit terugkerende vraag uit de markt merkten wij dat er ruimte was voor HYRAX. Grensverleggende machines waarbij de gebruiker centraal staat. De ambitie om simpelweg de b\u00e9ste hoogwerker te maken, veranderde in een plan. In 2017 begonnen we de eerste idee\u00ebn uit te werken. Hoe zou [&hellip;]<\/p>\n","protected":false},"author":1,"featured_media":0,"parent":0,"menu_order":0,"comment_status":"closed","ping_status":"closed","template":"","meta":{"_acf_changed":false,"_et_pb_use_builder":"on","_et_pb_old_content":"","_et_gb_content_width":"","inline_featured_image":false,"footnotes":""},"class_list":["post-4075","page","type-page","status-publish","hentry"],"acf":[],"yoast_head":"<!-- This site is optimized with the Yoast SEO plugin v27.0 - https:\/\/yoast.com\/product\/yoast-seo-wordpress\/ -->\n<title>Makers van grensverleggende hoogwerkers - HYRAX Hoogwerkers<\/title>\n<meta name=\"description\" content=\"We zijn makers van deze hoogwerker die grenzen verlegt, met de ambitie om de b\u00e9ste hoogwerker te maken. De hoogwerker van de toekomst.\" \/>\n<meta name=\"robots\" content=\"index, follow, max-snippet:-1, max-image-preview:large, max-video-preview:-1\" \/>\n<link rel=\"canonical\" href=\"https:\/\/www.hyraxindustries.com\/nl\/hyrax-industries\/\" \/>\n<meta property=\"og:locale\" content=\"nl_NL\" \/>\n<meta property=\"og:type\" content=\"article\" \/>\n<meta property=\"og:title\" content=\"Makers van grensverleggende hoogwerkers - HYRAX Hoogwerkers\" \/>\n<meta property=\"og:description\" content=\"We zijn makers van deze hoogwerker die grenzen verlegt, met de ambitie om de b\u00e9ste hoogwerker te maken. De hoogwerker van de toekomst.\" \/>\n<meta property=\"og:url\" content=\"https:\/\/www.hyraxindustries.com\/nl\/hyrax-industries\/\" \/>\n<meta property=\"og:site_name\" content=\"HYRAX Hoogwerkers\" \/>\n<meta property=\"article:publisher\" content=\"https:\/\/www.facebook.com\/Hyrax-Industries-BV-2329772260421103\" \/>\n<meta property=\"article:modified_time\" content=\"2025-12-03T14:28:37+00:00\" \/>\n<meta name=\"twitter:card\" content=\"summary_large_image\" \/>\n<meta name=\"twitter:label1\" content=\"Geschatte leestijd\" \/>\n\t<meta name=\"twitter:data1\" content=\"8 minuten\" \/>\n<script type=\"application\/ld+json\" class=\"yoast-schema-graph\">{\"@context\":\"https:\/\/schema.org\",\"@graph\":[{\"@type\":\"WebPage\",\"@id\":\"https:\/\/www.hyraxindustries.com\/nl\/hyrax-industries\/\",\"url\":\"https:\/\/www.hyraxindustries.com\/nl\/hyrax-industries\/\",\"name\":\"Makers van grensverleggende hoogwerkers - HYRAX Hoogwerkers\",\"isPartOf\":{\"@id\":\"https:\/\/www.hyraxindustries.com\/nl\/#website\"},\"datePublished\":\"2021-01-21T12:48:21+00:00\",\"dateModified\":\"2025-12-03T14:28:37+00:00\",\"description\":\"We zijn makers van deze hoogwerker die grenzen verlegt, met de ambitie om de b\u00e9ste hoogwerker te maken. De hoogwerker van de toekomst.\",\"breadcrumb\":{\"@id\":\"https:\/\/www.hyraxindustries.com\/nl\/hyrax-industries\/#breadcrumb\"},\"inLanguage\":\"nl-NL\",\"potentialAction\":[{\"@type\":\"ReadAction\",\"target\":[\"https:\/\/www.hyraxindustries.com\/nl\/hyrax-industries\/\"]}]},{\"@type\":\"BreadcrumbList\",\"@id\":\"https:\/\/www.hyraxindustries.com\/nl\/hyrax-industries\/#breadcrumb\",\"itemListElement\":[{\"@type\":\"ListItem\",\"position\":1,\"name\":\"Home\",\"item\":\"https:\/\/www.hyraxindustries.com\/nl\/\"},{\"@type\":\"ListItem\",\"position\":2,\"name\":\"HYRAX Industries\"}]},{\"@type\":\"WebSite\",\"@id\":\"https:\/\/www.hyraxindustries.com\/nl\/#website\",\"url\":\"https:\/\/www.hyraxindustries.com\/nl\/\",\"name\":\"Hyrax Industries\",\"description\":\"Pushing the limit\",\"publisher\":{\"@id\":\"https:\/\/www.hyraxindustries.com\/nl\/#organization\"},\"potentialAction\":[{\"@type\":\"SearchAction\",\"target\":{\"@type\":\"EntryPoint\",\"urlTemplate\":\"https:\/\/www.hyraxindustries.com\/nl\/?s={search_term_string}\"},\"query-input\":{\"@type\":\"PropertyValueSpecification\",\"valueRequired\":true,\"valueName\":\"search_term_string\"}}],\"inLanguage\":\"nl-NL\"},{\"@type\":\"Organization\",\"@id\":\"https:\/\/www.hyraxindustries.com\/nl\/#organization\",\"name\":\"Hyrax Industries\",\"url\":\"https:\/\/www.hyraxindustries.com\/nl\/\",\"logo\":{\"@type\":\"ImageObject\",\"inLanguage\":\"nl-NL\",\"@id\":\"https:\/\/www.hyraxindustries.com\/nl\/#\/schema\/logo\/image\/\",\"url\":\"https:\/\/www.hyraxindustries.com\/app\/uploads\/2021\/12\/hyrax-logo.png\",\"contentUrl\":\"https:\/\/www.hyraxindustries.com\/app\/uploads\/2021\/12\/hyrax-logo.png\",\"width\":246,\"height\":71,\"caption\":\"Hyrax Industries\"},\"image\":{\"@id\":\"https:\/\/www.hyraxindustries.com\/nl\/#\/schema\/logo\/image\/\"},\"sameAs\":[\"https:\/\/www.facebook.com\/Hyrax-Industries-BV-2329772260421103\",\"https:\/\/www.instagram.com\/hyrax_industries\/\",\"https:\/\/www.linkedin.com\/company\/hyrax-industries\/\",\"https:\/\/www.youtube.com\/channel\/UC75mQ5tAGmD2loknO5ui0hw\"]}]}<\/script>\n<!-- \/ Yoast SEO plugin. -->","yoast_head_json":{"title":"Makers van grensverleggende hoogwerkers - HYRAX Hoogwerkers","description":"We zijn makers van deze hoogwerker die grenzen verlegt, met de ambitie om de b\u00e9ste hoogwerker te maken. De hoogwerker van de toekomst.","robots":{"index":"index","follow":"follow","max-snippet":"max-snippet:-1","max-image-preview":"max-image-preview:large","max-video-preview":"max-video-preview:-1"},"canonical":"https:\/\/www.hyraxindustries.com\/nl\/hyrax-industries\/","og_locale":"nl_NL","og_type":"article","og_title":"Makers van grensverleggende hoogwerkers - HYRAX Hoogwerkers","og_description":"We zijn makers van deze hoogwerker die grenzen verlegt, met de ambitie om de b\u00e9ste hoogwerker te maken. De hoogwerker van de toekomst.","og_url":"https:\/\/www.hyraxindustries.com\/nl\/hyrax-industries\/","og_site_name":"HYRAX Hoogwerkers","article_publisher":"https:\/\/www.facebook.com\/Hyrax-Industries-BV-2329772260421103","article_modified_time":"2025-12-03T14:28:37+00:00","twitter_card":"summary_large_image","twitter_misc":{"Geschatte leestijd":"8 minuten"},"schema":{"@context":"https:\/\/schema.org","@graph":[{"@type":"WebPage","@id":"https:\/\/www.hyraxindustries.com\/nl\/hyrax-industries\/","url":"https:\/\/www.hyraxindustries.com\/nl\/hyrax-industries\/","name":"Makers van grensverleggende hoogwerkers - HYRAX Hoogwerkers","isPartOf":{"@id":"https:\/\/www.hyraxindustries.com\/nl\/#website"},"datePublished":"2021-01-21T12:48:21+00:00","dateModified":"2025-12-03T14:28:37+00:00","description":"We zijn makers van deze hoogwerker die grenzen verlegt, met de ambitie om de b\u00e9ste hoogwerker te maken. De hoogwerker van de toekomst.","breadcrumb":{"@id":"https:\/\/www.hyraxindustries.com\/nl\/hyrax-industries\/#breadcrumb"},"inLanguage":"nl-NL","potentialAction":[{"@type":"ReadAction","target":["https:\/\/www.hyraxindustries.com\/nl\/hyrax-industries\/"]}]},{"@type":"BreadcrumbList","@id":"https:\/\/www.hyraxindustries.com\/nl\/hyrax-industries\/#breadcrumb","itemListElement":[{"@type":"ListItem","position":1,"name":"Home","item":"https:\/\/www.hyraxindustries.com\/nl\/"},{"@type":"ListItem","position":2,"name":"HYRAX Industries"}]},{"@type":"WebSite","@id":"https:\/\/www.hyraxindustries.com\/nl\/#website","url":"https:\/\/www.hyraxindustries.com\/nl\/","name":"Hyrax Industries","description":"Pushing the limit","publisher":{"@id":"https:\/\/www.hyraxindustries.com\/nl\/#organization"},"potentialAction":[{"@type":"SearchAction","target":{"@type":"EntryPoint","urlTemplate":"https:\/\/www.hyraxindustries.com\/nl\/?s={search_term_string}"},"query-input":{"@type":"PropertyValueSpecification","valueRequired":true,"valueName":"search_term_string"}}],"inLanguage":"nl-NL"},{"@type":"Organization","@id":"https:\/\/www.hyraxindustries.com\/nl\/#organization","name":"Hyrax Industries","url":"https:\/\/www.hyraxindustries.com\/nl\/","logo":{"@type":"ImageObject","inLanguage":"nl-NL","@id":"https:\/\/www.hyraxindustries.com\/nl\/#\/schema\/logo\/image\/","url":"https:\/\/www.hyraxindustries.com\/app\/uploads\/2021\/12\/hyrax-logo.png","contentUrl":"https:\/\/www.hyraxindustries.com\/app\/uploads\/2021\/12\/hyrax-logo.png","width":246,"height":71,"caption":"Hyrax Industries"},"image":{"@id":"https:\/\/www.hyraxindustries.com\/nl\/#\/schema\/logo\/image\/"},"sameAs":["https:\/\/www.facebook.com\/Hyrax-Industries-BV-2329772260421103","https:\/\/www.instagram.com\/hyrax_industries\/","https:\/\/www.linkedin.com\/company\/hyrax-industries\/","https:\/\/www.youtube.com\/channel\/UC75mQ5tAGmD2loknO5ui0hw"]}]}},"_links":{"self":[{"href":"https:\/\/www.hyraxindustries.com\/nl\/wp-json\/wp\/v2\/pages\/4075","targetHints":{"allow":["GET"]}}],"collection":[{"href":"https:\/\/www.hyraxindustries.com\/nl\/wp-json\/wp\/v2\/pages"}],"about":[{"href":"https:\/\/www.hyraxindustries.com\/nl\/wp-json\/wp\/v2\/types\/page"}],"author":[{"embeddable":true,"href":"https:\/\/www.hyraxindustries.com\/nl\/wp-json\/wp\/v2\/users\/1"}],"replies":[{"embeddable":true,"href":"https:\/\/www.hyraxindustries.com\/nl\/wp-json\/wp\/v2\/comments?post=4075"}],"version-history":[{"count":2,"href":"https:\/\/www.hyraxindustries.com\/nl\/wp-json\/wp\/v2\/pages\/4075\/revisions"}],"predecessor-version":[{"id":21379,"href":"https:\/\/www.hyraxindustries.com\/nl\/wp-json\/wp\/v2\/pages\/4075\/revisions\/21379"}],"wp:attachment":[{"href":"https:\/\/www.hyraxindustries.com\/nl\/wp-json\/wp\/v2\/media?parent=4075"}],"curies":[{"name":"wp","href":"https:\/\/api.w.org\/{rel}","templated":true}]}}